{"id":1787,"date":"2026-01-15T13:07:13","date_gmt":"2026-01-15T12:07:13","guid":{"rendered":"https:\/\/shop.data-talk.eu\/?post_type=product&#038;p=1787"},"modified":"2026-03-30T14:32:35","modified_gmt":"2026-03-30T12:32:35","slug":"mybox-ipc","status":"publish","type":"product","link":"https:\/\/shop.data-talk.eu\/cs\/product\/mybox-ipc\/","title":{"rendered":"myBOX IPC"},"content":{"rendered":"\n<h3 class=\"wp-block-heading has-xx-large-font-size\">Industrial Router &amp; SCADA Server<\/h3>\n\n<p>myBOX IPC je speci\u00e1ln\u011b navr\u017een\u00e9 <strong data-start=\"506\" data-end=\"548\">pr\u016fmyslov\u00e9 za\u0159\u00edzen\u00ed pro edge computing<\/strong>, kter\u00e9 umo\u017e\u0148uje firm\u00e1m <strong data-start=\"275\" data-end=\"291\">provozovat software mySCADA p\u0159\u00edmo vedle stroj\u016f, PLC nebo v\u00fdrobn\u00edch linek<\/strong>, ani\u017e by bylo nutn\u00e9 spol\u00e9hat na cloudov\u00e9 p\u0159ipojen\u00ed. Je ur\u010deno pro <strong data-start=\"322\" data-end=\"347\">nep\u0159etr\u017eit\u00fd provoz 24\/7<\/strong> a disponuje odoln\u00fdm hardwarem, v\u010detn\u011b \u010dty\u0159j\u00e1drov\u00e9ho procesoru, \u0161irok\u00e9ho provozn\u00edho teplotn\u00edho rozsahu (\u221225 \u00b0C a\u017e 60 \u00b0C), ochrany proti v\u00fdpadku nap\u00e1jen\u00ed pomoc\u00ed superkondenz\u00e1toru, du\u00e1ln\u00edho Wi-Fi (2,4\/5 GHz) a LTE konektivity. Kompaktn\u00ed jednotka podporuje mont\u00e1\u017e na DIN li\u0161tu a nab\u00edz\u00ed \u0161irokou sadu rozhran\u00ed, jako jsou Ethernet, RS485\/232, USB a bezdr\u00e1tov\u00e9 p\u0159ipojen\u00ed, aby byla zaji\u0161t\u011bna bezprobl\u00e9mov\u00e1 integrace s pr\u016fmyslov\u00fdmi syst\u00e9my.  <\/p>\n\n<div style=\"height:10px\" aria-hidden=\"true\" class=\"wp-block-spacer\"><\/div>\n\n<div class=\"wp-block-group alignwide has-outline-background-color has-background is-layout-flow wp-block-group-is-layout-flow\" style=\"border-radius:8px;margin-top:0;margin-bottom:0;padding-top:40px;padding-right:var(--wp--preset--spacing--small);padding-bottom:40px;padding-left:var(--wp--preset--spacing--small);box-shadow:var(--wp--preset--shadow--shadow-1)\">\n<div class=\"wp-block-columns is-layout-flex wp-container-core-columns-is-layout-28f84493 wp-block-columns-is-layout-flex\">\n<div class=\"wp-block-column is-layout-flow wp-block-column-is-layout-flow\">\n<figure class=\"wp-block-image aligncenter size-full is-resized wp-duotone-4baddd-rgb75173221-1\"><img decoding=\"async\" src=\"https:\/\/www.data-talk.eu\/wp-content\/uploads\/2025\/07\/CPU.svg\" alt=\"\" class=\"wp-image-5620\" style=\"width:50px\"\/><\/figure>\n\n\n\n<p class=\"has-text-align-center\">4 Core CPU (2.4 GHz) 8\u202fGB RAM, 64\u202fGB eMMC<\/p>\n<\/div>\n\n\n\n<div class=\"wp-block-column is-layout-flow wp-block-column-is-layout-flow\">\n<figure class=\"wp-block-image aligncenter size-full is-resized wp-duotone-4baddd-rgb75173221-2\"><img decoding=\"async\" src=\"https:\/\/www.data-talk.eu\/wp-content\/uploads\/2025\/07\/Conn.svg\" alt=\"\" class=\"wp-image-5629\" style=\"width:50px\"\/><\/figure>\n\n\n\n<p class=\"has-text-align-center\">2.4GHz &amp; 5GHz<br\/>dual-band Wi-Fi<\/p>\n<\/div>\n\n\n\n<div class=\"wp-block-column is-layout-flow wp-block-column-is-layout-flow\">\n<figure class=\"wp-block-image aligncenter size-full is-resized wp-duotone-4baddd-rgb75173221-3\"><img decoding=\"async\" src=\"https:\/\/www.data-talk.eu\/wp-content\/uploads\/2025\/07\/LTE.svg\" alt=\"\" class=\"wp-image-5825\" style=\"width:50px\"\/><\/figure>\n\n\n\n<p class=\"has-text-align-center\">LTE Connectivity<br\/>(4G Module)<\/p>\n<\/div>\n\n\n\n<div class=\"wp-block-column is-layout-flow wp-block-column-is-layout-flow\">\n<figure class=\"wp-block-image aligncenter size-full is-resized wp-duotone-4baddd-rgb75173221-4\"><img decoding=\"async\" src=\"https:\/\/www.data-talk.eu\/wp-content\/uploads\/2025\/07\/Power.svg\" alt=\"\" class=\"wp-image-5625\" style=\"width:50px\"\/><\/figure>\n\n\n\n<p class=\"has-text-align-center\">Power Failure Protection (Supercapacitor)<\/p>\n<\/div>\n\n\n\n<div class=\"wp-block-column is-layout-flow wp-block-column-is-layout-flow\">\n<figure class=\"wp-block-image aligncenter size-full is-resized wp-duotone-4baddd-rgb75173221-5\"><img decoding=\"async\" src=\"https:\/\/www.data-talk.eu\/wp-content\/uploads\/2025\/07\/Temp.svg\" alt=\"\" class=\"wp-image-5631\" style=\"width:50px\"\/><\/figure>\n\n\n\n<p class=\"has-text-align-center\">Temperature range of -25 \u00b0C ~ 60 \u00b0C<\/p>\n<\/div>\n<\/div>\n<\/div>\n\n<div style=\"height:10px\" aria-hidden=\"true\" class=\"wp-block-spacer\"><\/div>\n\n<p>DataTalk IPC je dod\u00e1v\u00e1n s <strong data-start=\"993\" data-end=\"1050\">p\u0159edinstalovan\u00fdm licencovan\u00fdm <a href=\"https:\/\/www.myscada.org\/mypro\/\" target=\"_blank\" rel=\"noreferrer noopener\">softwarem myPRO<\/a><\/strong>. <\/p>\n\n<p>Konfigurace a spr\u00e1va za\u0159\u00edzen\u00ed prob\u00edh\u00e1 prost\u0159ednictv\u00edm <strong data-start=\"1627\" data-end=\"1650\">webov\u00e9ho rozhran\u00ed<\/strong>, co\u017e umo\u017e\u0148uje bezpe\u010dn\u00fd p\u0159\u00edstup bez nutnosti instalace dal\u0161\u00edho softwaru.<\/p>\n\n<div style=\"height:10px\" aria-hidden=\"true\" class=\"wp-block-spacer\"><\/div>\n\n<h3 class=\"wp-block-heading has-text-align-left has-heading-color has-text-color has-xx-large-font-size\">Technick\u00e9 specifikace<\/h3>\n\n<div class=\"wp-block-group is-layout-flow wp-block-group-is-layout-flow\" style=\"margin-top:var(--wp--preset--spacing--medium);padding-left:0\">\n<div class=\"wp-block-uagb-tabs uagb-block-990196b9 uagb-tabs__wrap uagb-tabs__hstyle1-desktop uagb-tabs__hstyle1-tablet uagb-tabs__stack1-mobile\" data-tab-active=\"0\"><ul class=\"uagb-tabs__panel uagb-tabs__align-left\" role=\"tablist\"><li class=\"uagb-tab uagb-tabs__active\" role=\"none\"><a href=\"#uagb-tabs__tab0\" class=\"uagb-tabs-list uagb-tabs__icon-position-left\" data-tab=\"0\" role=\"tab\"><div>System<\/div><\/a><\/li><li class=\"uagb-tab \" role=\"none\"><a href=\"#uagb-tabs__tab1\" class=\"uagb-tabs-list uagb-tabs__icon-position-left\" data-tab=\"1\" role=\"tab\"><div>I\/O<\/div><\/a><\/li><li class=\"uagb-tab \" role=\"none\"><a href=\"#uagb-tabs__tab2\" class=\"uagb-tabs-list uagb-tabs__icon-position-left\" data-tab=\"2\" role=\"tab\"><div>Electrical specs<\/div><\/a><\/li><li class=\"uagb-tab \" role=\"none\"><a href=\"#uagb-tabs__tab3\" class=\"uagb-tabs-list uagb-tabs__icon-position-left\" data-tab=\"3\" role=\"tab\"><div>Mechanical specs<\/div><\/a><\/li><li class=\"uagb-tab \" role=\"none\"><a href=\"#uagb-tabs__tab4\" class=\"uagb-tabs-list uagb-tabs__icon-position-left\" data-tab=\"4\" role=\"tab\"><div>Wireless<\/div><\/a><\/li><li class=\"uagb-tab \" role=\"none\"><a href=\"#uagb-tabs__tab5\" class=\"uagb-tabs-list uagb-tabs__icon-position-left\" data-tab=\"5\" role=\"tab\"><div>Environmental<\/div><\/a><\/li><li class=\"uagb-tab \" role=\"none\"><a href=\"#uagb-tabs__tab6\" class=\"uagb-tabs-list uagb-tabs__icon-position-left\" data-tab=\"6\" role=\"tab\"><div>Certifications<\/div><\/a><\/li><\/ul><div class=\"uagb-tabs__body-wrap\">\n<div class=\"wp-block-uagb-tabs-child uagb-tabs__body-container uagb-inner-tab-0\" aria-labelledby=\"uagb-tabs__tab0\">\n<figure class=\"wp-block-table is-style-stripes\"><table class=\"has-body-color has-text-color has-link-color has-border-color has-background-border-color\" style=\"border-width:6px\"><tbody><tr><td><strong>CPU<\/strong><\/td><td><strong>Quad core<\/strong> (ARM v8) 64-bit SoC @ 2.4GHz<\/td><\/tr><tr><td><strong>VPU<\/strong><\/td><td>H.265 (HEVC), up to 4Kp60 decode<\/td><\/tr><tr><td><strong>GPU<\/strong><\/td><td>OpenGL ES 3.1 &amp; Vulkan 1.2<\/td><\/tr><tr><td><strong>Memory<\/strong><\/td><td><strong>8GB<\/strong> LPDDR4-4267 SDRAM<\/td><\/tr><tr><td><strong>Storage<\/strong><\/td><td><strong>64GB<\/strong> eMMC storage<br\/>Micro SD card (user storage expansion)<br\/>M.2 NVMe SSD (options for 128GB, 256GB, 512GB, 1T, 2T NVMe Drive) <\/td><\/tr><\/tbody><\/table><\/figure>\n<\/div>\n\n\n\n<div class=\"wp-block-uagb-tabs-child uagb-tabs__body-container uagb-inner-tab-1\" aria-labelledby=\"uagb-tabs__tab1\">\n<figure class=\"wp-block-table is-style-stripes\"><table class=\"has-body-color has-text-color has-link-color has-border-color has-background-border-color\" style=\"border-width:6px\"><tbody><tr><td><strong>Power<\/strong><\/td><td>1 x DC IN, 2-Pin 3.5mm pitch phoenix terminals with screw holes.<br\/>It supports 9V - 36V input, the signal is defined as VIN+\/GND.<\/td><\/tr><tr><td><strong>RS485\/232<\/strong><\/td><td>12-Pin 3.5mm pitch phoenix terminals with IO isolator, which are equipped with electrostatic and surge protection.<br\/><br\/>- 2 x RS485 (Galvanically isolated)<br\/>- 2 x RS232 (Galvanically isolated)<\/td><\/tr><tr><td><strong>1000M Ethernet<\/strong><\/td><td>1 x adaptive 10\/100\/1000M ethernet port, RJ45 connector.<\/td><\/tr><tr><td><strong>100M Ethernet<\/strong><\/td><td>1 x adaptive 10\/100M ethernet port, RJ45 connector.<\/td><\/tr><tr><td><strong>SD Card Slot<\/strong><\/td><td>1 x Micro SD card slot, using to install Micro SD card.<\/td><\/tr><tr><td><strong>SIM Card Slot<\/strong><\/td><td>1 x Nano SIM card slot, using to install Nano SIM card.<\/td><\/tr><tr><td><strong>USB 2.0<\/strong><\/td><td>2 x USB 2.0 ports, Type-A connector, supporting up to 480Mbps.<\/td><\/tr><tr><td><strong>Antenna<\/strong><\/td><td>4G antenna and Wi-Fi antenna.<\/td><\/tr><\/tbody><\/table><\/figure>\n<\/div>\n\n\n\n<div class=\"wp-block-uagb-tabs-child uagb-tabs__body-container uagb-inner-tab-2\" aria-labelledby=\"uagb-tabs__tab2\">\n<figure class=\"wp-block-table is-style-stripes\"><table class=\"has-body-color has-text-color has-link-color has-border-color has-background-border-color\" style=\"border-width:6px\"><tbody><tr><td><strong>Input Voltage<\/strong><\/td><td>9V - 36V DC<\/td><\/tr><tr><td><strong>Power Consumption<\/strong><\/td><td>24W (Max)<\/td><\/tr><\/tbody><\/table><\/figure>\n<\/div>\n\n\n\n<div class=\"wp-block-uagb-tabs-child uagb-tabs__body-container uagb-inner-tab-3\" aria-labelledby=\"uagb-tabs__tab3\">\n<figure class=\"wp-block-table is-style-stripes\"><table class=\"has-body-color has-text-color has-link-color has-border-color has-background-border-color\" style=\"border-width:6px\"><tbody><tr><td><strong>Dimensions<\/strong><\/td><td>143mm x 100mm x 35mm (WxDxH)<\/td><\/tr><tr><td><strong>Weight<\/strong><\/td><td>750g<\/td><\/tr><tr><td><strong>Installation<\/strong><\/td><td>DIN-rail installation<\/td><\/tr><\/tbody><\/table><\/figure>\n<\/div>\n\n\n\n<div class=\"wp-block-uagb-tabs-child uagb-tabs__body-container uagb-inner-tab-4\" aria-labelledby=\"uagb-tabs__tab4\">\n<figure class=\"wp-block-table is-style-stripes\"><table class=\"has-body-color has-text-color has-link-color has-border-color has-background-border-color\" style=\"border-width:6px\"><tbody><tr><td><strong>Wi-Fi<\/strong><\/td><td>2.4GHz &amp; 5GHz dual-band Wi-Fi and Bluetooth with antenna.2.4GHz Wi-Fi: Compatible with IEEE 802.11 b\/g\/n<br\/>5GHz Wi-Fi: Compatible with IEEE 802.11 a\/n\/ac<\/td><\/tr><tr><td><strong>4G<\/strong><\/td><td>By default, the unit ships with LTE modem for Europe\/Middle East\/Africa\/Thailand area.*<br\/><br\/>EC25-EUX Module (Europe\/Middle East\/Africa\/Thailand)<br\/>- LTE FDD: B1\/B3\/B7\/B8\/B20\/B28A<br\/>- LTE TDD: B38\/B40\/B41<br\/>- WCDMA: B1\/B8<br\/>- GSM\/EDGE: B3\/B8<br\/>- GPS\/GLONASS\/BDS\/Galileo\/QZSS<\/td><\/tr><\/tbody><\/table><\/figure>\n\n\n\n<p class=\"has-secondary-color has-text-color has-link-color has-x-small-font-size wp-elements-db4ed818ea6f7593e096ba265a98eb17\">*For other regions, please contact us.<\/p>\n<\/div>\n\n\n\n<div class=\"wp-block-uagb-tabs-child uagb-tabs__body-container uagb-inner-tab-5\" aria-labelledby=\"uagb-tabs__tab5\">\n<figure class=\"wp-block-table is-style-stripes\"><table class=\"has-body-color has-text-color has-link-color has-border-color has-background-border-color\" style=\"border-width:6px\"><tbody><tr><td><strong>Operating Temperature<\/strong><\/td><td>-25\u00b0C - 60\u00b0C<\/td><\/tr><tr><td><strong>Storage Temperature<\/strong><\/td><td>-25\u00b0C - 60\u00b0C<\/td><\/tr><tr><td><strong>Ambient humidity<\/strong><\/td><td>5% - 95% (non-condensing)<\/td><\/tr><\/tbody><\/table><\/figure>\n<\/div>\n\n\n\n<div class=\"wp-block-uagb-tabs-child uagb-tabs__body-container uagb-inner-tab-6\" aria-labelledby=\"uagb-tabs__tab6\">\n<div class=\"wp-block-group has-global-padding is-layout-constrained wp-block-group-is-layout-constrained\">\n<figure class=\"wp-block-image aligncenter size-full is-resized\"><img decoding=\"async\" src=\"https:\/\/www.data-talk.eu\/wp-content\/uploads\/2025\/08\/FCCCE.svg\" alt=\"\" class=\"wp-image-6131\" style=\"width:600px\"\/><\/figure>\n<\/div>\n<\/div>\n<\/div><\/div>\n\n\n\n<div style=\"height:20px\" aria-hidden=\"true\" class=\"wp-block-spacer\"><\/div>\n\n\n\n<p><a href=\"https:\/\/www.myscada.org\/mybox\/\" target=\"_blank\" rel=\"noreferrer noopener\">V\u00edce o myBOX IPC \u2192<\/a><\/p>\n<\/div>\n","protected":false},"excerpt":{"rendered":"<p>myBOX IPC (HW) je odoln\u00fd pr\u016fmyslov\u00fd edge po\u010d\u00edta\u010d navr\u017een\u00fd pro lok\u00e1ln\u00ed b\u011bh softwaru mySCADA, kter\u00fd zaji\u0161\u0165uje spolehliv\u00e9 24\/7 edge v\u00fdpo\u010dty a konektivitu v n\u00e1ro\u010dn\u00fdch pr\u016fmyslov\u00fdch prost\u0159ed\u00edch.<\/p>\n<p>IPC se prod\u00e1v\u00e1 s n\u00e1mi <strong>p\u0159edinstalovan\u00fdm softwarem<\/strong> myPRO.<\/p>\n<p>Licence je <strong>do\u017eivotn\u00ed<\/strong> a zahrnuje <strong>neomezen\u00fd po\u010det klient\u016f a tag\u016f<\/strong>.<\/p>\n","protected":false},"featured_media":1788,"template":"","meta":{"_acf_changed":false,"_uag_custom_page_level_css":"","_swt_meta_header_display":false,"_swt_meta_footer_display":false,"_swt_meta_site_title_display":false,"_swt_meta_sticky_header":false,"_swt_meta_transparent_header":false},"product_brand":[55],"product_cat":[113],"product_tag":[],"class_list":{"0":"post-1787","1":"product","2":"type-product","3":"status-publish","4":"has-post-thumbnail","6":"product_brand-myscada-cs","7":"product_cat-myscada-hardware","9":"first","10":"outofstock","11":"taxable","12":"shipping-taxable","13":"purchasable","14":"product-type-simple"},"acf":[],"uagb_featured_image_src":{"full":["https:\/\/shop.data-talk.eu\/wp-content\/uploads\/2026\/01\/myBOX-IPC_square.webp",1024,1024,false],"thumbnail":["https:\/\/shop.data-talk.eu\/wp-content\/uploads\/2026\/01\/myBOX-IPC_square-150x150.webp",150,150,true],"medium":["https:\/\/shop.data-talk.eu\/wp-content\/uploads\/2026\/01\/myBOX-IPC_square-300x300.webp",300,300,true],"medium_large":["https:\/\/shop.data-talk.eu\/wp-content\/uploads\/2026\/01\/myBOX-IPC_square-768x768.webp",768,768,true],"large":["https:\/\/shop.data-talk.eu\/wp-content\/uploads\/2026\/01\/myBOX-IPC_square.webp",1024,1024,false],"1536x1536":["https:\/\/shop.data-talk.eu\/wp-content\/uploads\/2026\/01\/myBOX-IPC_square.webp",1024,1024,false],"2048x2048":["https:\/\/shop.data-talk.eu\/wp-content\/uploads\/2026\/01\/myBOX-IPC_square.webp",1024,1024,false],"woocommerce_thumbnail":["https:\/\/shop.data-talk.eu\/wp-content\/uploads\/2026\/01\/myBOX-IPC_square-300x300.webp",300,300,true],"woocommerce_single":["https:\/\/shop.data-talk.eu\/wp-content\/uploads\/2026\/01\/myBOX-IPC_square-600x600.webp",600,600,true],"woocommerce_gallery_thumbnail":["https:\/\/shop.data-talk.eu\/wp-content\/uploads\/2026\/01\/myBOX-IPC_square-100x100.webp",100,100,true]},"uagb_author_info":{"display_name":"admin","author_link":"https:\/\/shop.data-talk.eu\/cs\/author\/"},"uagb_comment_info":0,"uagb_excerpt":"myBOX IPC (HW) je odoln\u00fd pr\u016fmyslov\u00fd edge po\u010d\u00edta\u010d navr\u017een\u00fd pro lok\u00e1ln\u00ed b\u011bh softwaru mySCADA, kter\u00fd zaji\u0161\u0165uje spolehliv\u00e9 24\/7 edge v\u00fdpo\u010dty a konektivitu v n\u00e1ro\u010dn\u00fdch pr\u016fmyslov\u00fdch prost\u0159ed\u00edch. IPC se prod\u00e1v\u00e1 s n\u00e1mi p\u0159edinstalovan\u00fdm softwarem myPRO. Licence je do\u017eivotn\u00ed a zahrnuje neomezen\u00fd po\u010det klient\u016f a tag\u016f.","_links":{"self":[{"href":"https:\/\/shop.data-talk.eu\/cs\/wp-json\/wp\/v2\/product\/1787","targetHints":{"allow":["GET"]}}],"collection":[{"href":"https:\/\/shop.data-talk.eu\/cs\/wp-json\/wp\/v2\/product"}],"about":[{"href":"https:\/\/shop.data-talk.eu\/cs\/wp-json\/wp\/v2\/types\/product"}],"wp:featuredmedia":[{"embeddable":true,"href":"https:\/\/shop.data-talk.eu\/cs\/wp-json\/wp\/v2\/media\/1788"}],"wp:attachment":[{"href":"https:\/\/shop.data-talk.eu\/cs\/wp-json\/wp\/v2\/media?parent=1787"}],"wp:term":[{"taxonomy":"product_brand","embeddable":true,"href":"https:\/\/shop.data-talk.eu\/cs\/wp-json\/wp\/v2\/product_brand?post=1787"},{"taxonomy":"product_cat","embeddable":true,"href":"https:\/\/shop.data-talk.eu\/cs\/wp-json\/wp\/v2\/product_cat?post=1787"},{"taxonomy":"product_tag","embeddable":true,"href":"https:\/\/shop.data-talk.eu\/cs\/wp-json\/wp\/v2\/product_tag?post=1787"}],"curies":[{"name":"wp","href":"https:\/\/api.w.org\/{rel}","templated":true}]}}