{"id":604,"date":"2025-09-01T13:36:54","date_gmt":"2025-09-01T11:36:54","guid":{"rendered":"https:\/\/shop.data-talk.eu\/product\/datatalk-ai-alarm-notify\/"},"modified":"2026-01-22T14:39:40","modified_gmt":"2026-01-22T13:39:40","slug":"datatalk-ai-alarm-notify","status":"publish","type":"product","link":"https:\/\/shop.data-talk.eu\/cs\/product\/datatalk-ai-alarm-notify\/","title":{"rendered":"DataTalk AI Alarm &amp; Notify"},"content":{"rendered":"\n<p>DataTalk AI Alarm &amp; Notify offers intelligent, real-time monitoring that integrates seamlessly with your equipment,<strong> instantly alerting<\/strong> you to any irregularities through multiple channels like email, sms, WhatsApp or Slack.<\/p>\n\n<p>D\u00edky funkci AI Bot Talkie m\u016f\u017eete <strong>p\u0159\u00edmo komunikovat se sv\u00fdm syst\u00e9mem a z\u00edsk\u00e1vat tak informace a \u0159e\u0161en\u00ed v re\u00e1ln\u00e9m \u010dase<\/strong> \u2013 poskytuje to ekvivalent 24\/7 odborn\u00e9ho dohledu. I pokud ji\u017e m\u00e1te zaveden\u00fd SCADA syst\u00e9m, m\u016f\u017eete vyu\u017e\u00edt vylep\u0161en\u00e9 funkce a mo\u017enosti, kter\u00e9 AI Alarm &amp; Notify p\u0159in\u00e1\u0161\u00ed. <\/p>\n\n<div style=\"height:10px\" aria-hidden=\"true\" class=\"wp-block-spacer\"><\/div>\n\n<h3 class=\"wp-block-heading has-black-color has-text-color has-link-color has-xx-large-font-size wp-elements-dbc1586488e381d91ee8c6ce871fc0c2\">Licence<\/h3>\n\n<p>Na\u0161e ceny se odv\u00edjej\u00ed od velikosti projektu (po\u010det tag\u016f), v\u0161e ostatn\u00ed je neomezen\u00e9. V\u0161echny funkce produktu jsou sou\u010d\u00e1st\u00ed bal\u00ed\u010dku. Bez skryt\u00fdch poplatk\u016f, transparentn\u00ed a f\u00e9rov\u00e1 nab\u00eddka.  <\/p>\n\n<p><strong>Na\u0161e do\u017eivotn\u00ed licence v\u00e1m zaru\u010duje pln\u00e9 vlastnick\u00e1 pr\u00e1va a kontrolu nad va\u0161\u00edm softwarem.<\/strong><\/p>\n\n<div style=\"height:10px\" aria-hidden=\"true\" class=\"wp-block-spacer\"><\/div>\n\n<div class=\"wp-block-columns alignwide is-layout-flex wp-container-core-columns-is-layout-f619a8c7 wp-block-columns-is-layout-flex\">\n<div class=\"wp-block-column is-layout-flow wp-block-column-is-layout-flow\">\n<div class=\"wp-block-group has-border-color has-outline-border-color has-global-padding is-layout-constrained wp-container-core-group-is-layout-c4f337f3 wp-block-group-is-layout-constrained\" style=\"border-width:1px;border-radius:8px;min-height:100%;padding-top:var(--wp--preset--spacing--small);padding-right:var(--wp--preset--spacing--small);padding-bottom:var(--wp--preset--spacing--small);padding-left:var(--wp--preset--spacing--small)\">\n<h3 class=\"wp-block-heading has-text-align-center has-primary-color has-text-color has-background has-link-color has-large-font-size wp-elements-4e276ad945844ef005425c7b882a94eb\" style=\"border-radius:6px;background-color:#f0eaff;padding-top:5px;padding-bottom:5px\"><strong>S<\/strong><\/h3>\n\n\n\n<p class=\"has-x-small-font-size\">Pro mal\u00e9 st\u0159edn\u00ed podniky a projekty<\/p>\n\n\n\n<div class=\"wp-block-group is-layout-flow wp-container-core-group-is-layout-d13f96e9 wp-block-group-is-layout-flow\">\n<p class=\"has-black-color has-text-color has-link-color has-xxx-large-font-size wp-elements-3d4d9eba21d07c44e02c0f87aeb44cb1\">\u20ac 600<\/p>\n\n\n\n<p class=\"has-luminous-vivid-orange-color has-text-color has-link-color wp-elements-49334a54145d7474bc0e656ff5f3f4b8\"><strong>Licence bez \u010dasov\u00e9ho omezen\u00ed<\/strong><\/p>\n<\/div>\n\n\n\n<div class=\"wp-block-group is-layout-flow wp-block-group-is-layout-flow\">\n<ul style=\"line-height:2\" class=\"wp-block-list has-small-font-size\">\n<li><strong>Neomezen\u00fd po\u010det klient\u016f<\/strong><\/li>\n\n\n\n<li>150 Tag\u016f<\/li>\n\n\n\n<li>Omezen\u00e1 podpora<\/li>\n<\/ul>\n<\/div>\n<\/div>\n<\/div>\n\n\n\n<div class=\"wp-block-column is-layout-flow wp-block-column-is-layout-flow\">\n<div class=\"wp-block-group has-border-color has-secondary-border-color has-heading-background-color has-background has-global-padding is-layout-constrained wp-container-core-group-is-layout-c4f337f3 wp-block-group-is-layout-constrained\" style=\"border-style:none;border-width:0px;border-radius:8px;min-height:100%;padding-top:var(--wp--preset--spacing--small);padding-right:var(--wp--preset--spacing--small);padding-bottom:var(--wp--preset--spacing--small);padding-left:var(--wp--preset--spacing--small);box-shadow:var(--wp--preset--shadow--shadow-1)\">\n<h3 class=\"wp-block-heading has-text-align-center has-tertiary-color has-black-background-color has-text-color has-background has-link-color has-large-font-size wp-elements-3d2c1d8f601f981883d89564ed49e9cb\" style=\"border-radius:6px;padding-top:5px;padding-bottom:5px\"><strong>M<\/strong><\/h3>\n\n\n\n<p class=\"has-tertiary-color has-text-color has-link-color has-x-small-font-size wp-elements-df148f849a7b2c8696f2724d7a074a8d\">Pro st\u0159edn\u00ed a velk\u00e9 podniky a projekty.<\/p>\n\n\n\n<div class=\"wp-block-group is-layout-flow wp-container-core-group-is-layout-d13f96e9 wp-block-group-is-layout-flow\">\n<p class=\"has-background-color has-text-color has-link-color has-xxx-large-font-size wp-elements-67e8ff461f59dc8d2eb569805a279f7d\"><strong>\u20ac 2 000<\/strong><\/p>\n\n\n\n<p class=\"has-luminous-vivid-orange-color has-text-color has-link-color wp-elements-49334a54145d7474bc0e656ff5f3f4b8\"><strong>Licence bez \u010dasov\u00e9ho omezen\u00ed<\/strong><\/p>\n<\/div>\n\n\n\n<div class=\"wp-block-group is-layout-flow wp-block-group-is-layout-flow\">\n<ul style=\"line-height:2\" class=\"wp-block-list has-small-font-size\">\n<li class=\"has-tertiary-color has-text-color has-link-color wp-elements-7e367c55b4548550c8fbde4dc64d7e8f\"><strong>Neomezen\u00fd po\u010det klient\u016f<\/strong><\/li>\n\n\n\n<li class=\"has-tertiary-color has-text-color has-link-color wp-elements-da6680e2207630fa771730d71e1ec15f\">1 500 Tag\u016f<\/li>\n\n\n\n<li class=\"has-tertiary-color has-text-color has-link-color wp-elements-a6bbc14bcbe9af7843bb694bc57130ea\">Pln\u00e1 podpora<\/li>\n<\/ul>\n<\/div>\n<\/div>\n<\/div>\n\n\n\n<div class=\"wp-block-column is-layout-flow wp-block-column-is-layout-flow\">\n<div class=\"wp-block-group has-border-color has-outline-border-color has-global-padding is-layout-constrained wp-container-core-group-is-layout-c4f337f3 wp-block-group-is-layout-constrained\" style=\"border-width:1px;border-radius:8px;min-height:100%;padding-top:var(--wp--preset--spacing--small);padding-right:var(--wp--preset--spacing--small);padding-bottom:var(--wp--preset--spacing--small);padding-left:var(--wp--preset--spacing--small)\">\n<h3 class=\"wp-block-heading has-text-align-center has-primary-color has-text-color has-background has-link-color has-large-font-size wp-elements-636d996f89fe31b2bcec391a20833ffb\" style=\"border-radius:6px;background-color:#f0eaff;padding-top:5px;padding-bottom:5px\"><strong>L<\/strong><\/h3>\n\n\n\n<p class=\"has-x-small-font-size\">Odemkn\u011bte neomezen\u00fd sv\u011bt mo\u017enost\u00ed.<\/p>\n\n\n\n<div class=\"wp-block-group is-layout-flow wp-container-core-group-is-layout-d13f96e9 wp-block-group-is-layout-flow\">\n<div class=\"wp-block-group is-horizontal is-nowrap is-layout-flex wp-container-core-group-is-layout-5d463a1a wp-block-group-is-layout-flex\" style=\"padding-right:0;padding-left:0\">\n<p class=\"has-black-color has-text-color has-link-color has-xxx-large-font-size wp-elements-0afd09c5682e4a3dd69f4f15239acfe7\">\u20ac<\/p>\n\n\n\n<p class=\"has-black-color has-text-color has-link-color has-x-large-font-size wp-elements-f6fefadb58892befd7fa43132c5a4e2e\">Na vy\u017e\u00e1d\u00e1n\u00ed<\/p>\n<\/div>\n\n\n\n<p class=\"has-luminous-vivid-orange-color has-text-color has-link-color wp-elements-49334a54145d7474bc0e656ff5f3f4b8\"><strong>Licence bez \u010dasov\u00e9ho omezen\u00ed<\/strong><\/p>\n<\/div>\n\n\n\n\n\n<div class=\"wp-block-group is-layout-flow wp-block-group-is-layout-flow\">\n<ul style=\"line-height:2\" class=\"wp-block-list has-small-font-size\">\n<li><strong>Neomezen\u00fd po\u010det klient\u016f<\/strong><\/li>\n\n\n\n<li>NEOMEZEN\u00c9 Tagy<\/li>\n\n\n\n<li>Premiov\u00e1 podpora<\/li>\n<\/ul>\n<\/div>\n<\/div>\n<\/div>\n<\/div>\n\n<div style=\"height:10px\" aria-hidden=\"true\" class=\"wp-block-spacer\"><\/div>\n\n<p class=\"has-cyan-bluish-gray-color has-text-color has-link-color has-small-font-size wp-elements-54eb89377327a75438d082570210505b\">* Aktualizace jsou zdarma po dobu 1 roku. Po 1 roce je cena aktualizac\u00ed 20 % z ceny licence ro\u010dn\u011b. <\/p>\n\n<p class=\"has-cyan-bluish-gray-color has-text-color has-link-color has-small-font-size wp-elements-1b81de948ffd4ab1dc27a395d34322c0\"><strong>Podpora komunity<\/strong> \u2013 nap\u0159. f\u00f3ra, z\u00e1kladn\u00ed FAQ \/ <strong>Omezen\u00e1 podpora<\/strong> \u2013 e-mail, odpov\u011b\u010f do t\u0159\u00ed pracovn\u00edch dn\u016f \/ <strong>Pln\u00e1 podpora<\/strong> \u2013 e-mail, odpov\u011b\u010f do jednoho pracovn\u00edho dne, mo\u017enost SLA \/ <strong>Pr\u00e9miov\u00e1 podpora<\/strong> \u2013 prioritn\u00ed e-mailov\u00e1 a telefonick\u00e1 podpora, podpora p\u0159es live chat \u2013 p\u0159\u00edm\u00fd p\u0159\u00edstup k jednomu z na\u0161ich technik\u016f, mo\u017enost SLA.<\/p>\n\n<div style=\"height:10px\" aria-hidden=\"true\" class=\"wp-block-spacer\"><\/div>\n\n<h3 class=\"wp-block-heading has-text-align-left has-heading-color has-text-color has-xx-large-font-size\">Technick\u00e9 specifikace<\/h3>\n\n<div class=\"wp-block-group is-layout-flow wp-block-group-is-layout-flow\">\n<div class=\"wp-block-uagb-tabs uagb-block-990196b9 uagb-tabs__wrap uagb-tabs__hstyle1-desktop uagb-tabs__hstyle1-tablet uagb-tabs__stack1-mobile\" data-tab-active=\"0\"><ul class=\"uagb-tabs__panel uagb-tabs__align-left\" role=\"tablist\"><li class=\"uagb-tab uagb-tabs__active\" role=\"none\"><a href=\"#uagb-tabs__tab0\" class=\"uagb-tabs-list uagb-tabs__icon-position-left\" data-tab=\"0\" role=\"tab\"><div>Connectivity<\/div><\/a><\/li><li class=\"uagb-tab \" role=\"none\"><a href=\"#uagb-tabs__tab1\" class=\"uagb-tabs-list uagb-tabs__icon-position-left\" data-tab=\"1\" role=\"tab\"><div>Operating System<\/div><\/a><\/li><li class=\"uagb-tab \" role=\"none\"><a href=\"#uagb-tabs__tab2\" class=\"uagb-tabs-list uagb-tabs__icon-position-left\" data-tab=\"2\" role=\"tab\"><div>AI<\/div><\/a><\/li><li class=\"uagb-tab \" role=\"none\"><a href=\"#uagb-tabs__tab3\" class=\"uagb-tabs-list uagb-tabs__icon-position-left\" data-tab=\"3\" role=\"tab\"><div>Data Servers<\/div><\/a><\/li><li class=\"uagb-tab \" role=\"none\"><a href=\"#uagb-tabs__tab4\" class=\"uagb-tabs-list uagb-tabs__icon-position-left\" data-tab=\"4\" role=\"tab\"><div>Publish Data into<\/div><\/a><\/li><li class=\"uagb-tab \" role=\"none\"><a href=\"#uagb-tabs__tab5\" class=\"uagb-tabs-list uagb-tabs__icon-position-left\" data-tab=\"5\" role=\"tab\"><div>License<\/div><\/a><\/li><li class=\"uagb-tab \" role=\"none\"><a href=\"#uagb-tabs__tab6\" class=\"uagb-tabs-list uagb-tabs__icon-position-left\" data-tab=\"6\" role=\"tab\"><div>Minimal System Requirements<\/div><\/a><\/li><li class=\"uagb-tab \" role=\"none\"><a href=\"#uagb-tabs__tab7\" class=\"uagb-tabs-list uagb-tabs__icon-position-left\" data-tab=\"7\" role=\"tab\"><div>Typical Industries<\/div><\/a><\/li><li class=\"uagb-tab \" role=\"none\"><a href=\"#uagb-tabs__tab8\" class=\"uagb-tabs-list uagb-tabs__icon-position-left\" data-tab=\"8\" role=\"tab\"><div>Notification Channels<\/div><\/a><\/li><\/ul><div class=\"uagb-tabs__body-wrap\">\n<div class=\"wp-block-uagb-tabs-child uagb-tabs__body-container uagb-inner-tab-0\" aria-labelledby=\"uagb-tabs__tab0\">\n<figure class=\"wp-block-table is-style-stripes\"><table class=\"has-body-color has-background-background-color has-text-color has-background has-link-color has-border-color has-background-border-color\" style=\"border-width:6px\"><tbody><tr><td><strong>OPC UA<\/strong><\/td><td>S7-1500 (Native OPC UA server), Beckoff TwinCat, B&amp;R X20 &amp; X90, Schneider Electric M580, Omron NX\/NJ, Allen-Bredley, CompactLogix, ControLogix<\/td><\/tr><tr><td><strong>Modbus TCP\/UDP<\/strong><\/td><td>S7-1200 \/ 1500, Schneider modicon, Wago PFC200, Beckoff, Omron CP, Allen-Bradley, Micrologix, Unitronics Vision<\/td><\/tr><tr><td><strong>Ethernet\/IP<\/strong><\/td><td>Allen-Bradley, Omron NX\/NJ, Schneider M580, Beckofff TwinCAT, WAGO<\/td><\/tr><tr><td><strong>Ethernet IP (Micro 800)<\/strong><\/td><td>Allen-Bradley (Micro 800)<\/td><\/tr><tr><td><strong>MQTT<\/strong><\/td><td>Wago PFC200, B&amp;R X20 &amp; X90, Schneider EcoStruxure PLC, Balluff IO-Link gateways, IFM<\/td><\/tr><tr><td><strong>REST API<\/strong><\/td><td>Beckhoff, WAGO PFC200, B&amp;R Automation, Schneider EcoStruxure, any IT system supporting RestAPI interface<\/td><\/tr><tr><td><strong>Databases<\/strong><\/td><td>Microsoft SQL, mySQL, Oracle DB, Postgress, MongoDB, MariaDB<\/td><\/tr><tr><td><strong>Loxone<\/strong><\/td><td>Miniserver, Miniserver Compact, Miniserver Go<\/td><\/tr><\/tbody><\/table><\/figure>\n<\/div>\n\n\n\n<div class=\"wp-block-uagb-tabs-child uagb-tabs__body-container uagb-inner-tab-1\" aria-labelledby=\"uagb-tabs__tab1\">\n<figure class=\"wp-block-table is-style-stripes\"><table class=\"has-body-color has-background-background-color has-text-color has-background has-link-color has-border-color has-background-border-color\" style=\"border-width:6px\"><tbody><tr><td><strong>Windows<\/strong><\/td><td>Windows 11 - 23H2 and newer<\/td><\/tr><tr><td><strong>Linux<\/strong><\/td><td>Ubuntu - 22.04 and newer, Debian 12 and newer, Raspian 12 and newer<\/td><\/tr><\/tbody><\/table><\/figure>\n<\/div>\n\n\n\n<div class=\"wp-block-uagb-tabs-child uagb-tabs__body-container uagb-inner-tab-2\" aria-labelledby=\"uagb-tabs__tab2\">\n<figure class=\"wp-block-table is-style-stripes\"><table class=\"has-body-color has-text-color has-link-color has-border-color has-background-border-color\" style=\"border-width:6px\"><tbody><tr><td><strong>Cloud - Open AI<\/strong><\/td><td>GPT-4o-mini, GPT-4o, GPT-4.1-nano, GPT-4.1-mini, GPT-4.1, GPT-5-nano, GPT-5, GPT-5-mini<\/td><\/tr><tr><td>\u00a0<\/td><td><mark class=\"has-inline-color has-secondary-color\" style=\"background-color: rgba(0, 0, 0, 0);\">U\u017eivatel\u00e9 by si m\u011bli pe\u010dliv\u011b zvolit vhodn\u00fd GPT model, proto\u017ee n\u011bkter\u00e9 modely jsou vzhledem ke sv\u00e9 slo\u017eitosti n\u00e1ro\u010dn\u011bj\u0161\u00ed na spot\u0159ebu kredit\u016f, av\u0161ak na opl\u00e1tku poskytuj\u00ed v\u00fdrazn\u011b komplexn\u011bj\u0161\u00ed a pokro\u010dilej\u0161\u00ed odpov\u011bdi ne\u017e jednodu\u0161\u0161\u00ed GPT modely (nap\u0159. GPT-4o-mini vs. GPT-5).<\/mark><\/td><\/tr><tr><td><strong>Local AI<\/strong><\/td><td>any Ollama supported model (deepseek-r1, gemma3, qwen3, llama3,..)<\/td><\/tr><tr><td>\u00a0<\/td><td><mark class=\"has-inline-color has-secondary-color\" style=\"background-color: rgba(0, 0, 0, 0);\">U\u017eivatel\u00e9 by m\u011bli pe\u010dliv\u011b vyb\u00edrat model podle v\u00fdkonov\u00fdch mo\u017enost\u00ed sv\u00e9ho hardwarov\u00e9ho za\u0159\u00edzen\u00ed pro lok\u00e1ln\u00ed provoz AI.<\/mark><\/td><\/tr><\/tbody><\/table><\/figure>\n\n\n\n<p class=\"has-secondary-color has-text-color has-link-color has-x-small-font-size wp-elements-07cfa28e6bd622de810a861ff09f50a4\"><strong>POZN\u00c1MKA<\/strong>: Vzhledem k rychl\u00e9mu v\u00fdvoji um\u011bl\u00e9 inteligence se seznam podporovan\u00fdch a dostupn\u00fdch AI model\u016f m\u016f\u017ee v pr\u016fb\u011bhu \u010dasu m\u011bnit v z\u00e1vislosti na aktu\u00e1ln\u00ed dostupnosti, nejnov\u011bj\u0161\u00edch trendech a nejvhodn\u011bj\u0161\u00edch \u0161pi\u010dkov\u00fdch (state-of-the-art) modelech v dan\u00e9m okam\u017eiku.<\/p>\n<\/div>\n\n\n\n<div class=\"wp-block-uagb-tabs-child uagb-tabs__body-container uagb-inner-tab-3\" aria-labelledby=\"uagb-tabs__tab3\">\n<figure class=\"wp-block-table is-style-stripes\"><table class=\"has-body-color has-text-color has-link-color has-border-color has-background-border-color\" style=\"border-width:6px\"><tbody><tr><td>OPC UA Server<\/td><td>\u00a0<\/td><\/tr><tr><td>RestAPI server<\/td><td>\u00a0<\/td><\/tr><tr><td>MQTT broker<\/td><td>\u00a0<\/td><\/tr><\/tbody><\/table><\/figure>\n<\/div>\n\n\n\n<div class=\"wp-block-uagb-tabs-child uagb-tabs__body-container uagb-inner-tab-4\" aria-labelledby=\"uagb-tabs__tab4\">\n<figure class=\"wp-block-table is-style-stripes\"><table class=\"has-body-color has-text-color has-link-color has-border-color has-background-border-color\" style=\"border-width:6px\"><tbody><tr><td>Microsoft Azure, Amazon AWS, SAP, ERP systems, MES system, SCADA systems, MQTT, RestAPI, direct database access<\/td><\/tr><\/tbody><\/table><\/figure>\n<\/div>\n\n\n\n<div class=\"wp-block-uagb-tabs-child uagb-tabs__body-container uagb-inner-tab-5\" aria-labelledby=\"uagb-tabs__tab5\">\n<figure class=\"wp-block-table is-style-stripes\"><table class=\"has-body-color has-text-color has-link-color has-border-color has-background-border-color\" style=\"border-width:6px\"><tbody><tr><td><strong>Soukrom\u00e1<\/strong><\/td><td>Do\u017eivotn\u00ed licence, neomezen\u00fd po\u010det klient\u016f, 50 tag\u016f, komunitn\u00ed podpora<\/td><\/tr><tr><td><strong>S<\/strong><\/td><td>Do\u017eivotn\u00ed licence, neomezen\u00fd po\u010det klient\u016f, 150 tag\u016f, omezen\u00e1 podpora<\/td><\/tr><tr><td><strong>M<\/strong><\/td><td>Do\u017eivotn\u00ed licence, neomezen\u00fd po\u010det klient\u016f, 1 500 tag\u016f, pln\u00e1 podpora<\/td><\/tr><tr><td><strong>L<\/strong><\/td><td>Do\u017eivotn\u00ed licence, neomezen\u00fd po\u010det klient\u016f, NEOMEZEN\u00dd po\u010det tag\u016f, pr\u00e9miov\u00e1 podpora<\/td><\/tr><\/tbody><\/table><\/figure>\n<\/div>\n\n\n\n<div class=\"wp-block-uagb-tabs-child uagb-tabs__body-container uagb-inner-tab-6\" aria-labelledby=\"uagb-tabs__tab6\">\n<figure class=\"wp-block-table is-style-stripes\"><table class=\"has-body-color has-text-color has-link-color has-border-color has-background-border-color\" style=\"border-width:6px\"><tbody><tr><td><strong>Processor<\/strong><\/td><td>4 Core CPU<\/td><\/tr><tr><td><strong>Memory (RAM)<\/strong><\/td><td>8 GB<\/td><\/tr><tr><td><strong>Storage<\/strong><\/td><td>128 GB SSD<\/td><\/tr><\/tbody><\/table><\/figure>\n<\/div>\n\n\n\n<div class=\"wp-block-uagb-tabs-child uagb-tabs__body-container uagb-inner-tab-7\" aria-labelledby=\"uagb-tabs__tab7\">\n<figure class=\"wp-block-table is-style-stripes\"><table class=\"has-body-color has-text-color has-link-color has-border-color has-background-border-color\" style=\"border-width:6px\"><tbody><tr><td>Pr\u016fmyslov\u00e1 automatizace &amp; monitorov\u00e1n\u00ed proces\u016f, Chytr\u00e1 v\u00fdroba &amp; Pr\u016fmysl 4.0, Energetick\u00fd management &amp; optimalizace, Chytr\u00e9 budovy &amp; infrastruktura, Logistika &amp; \u0159\u00edzen\u00ed sklad\u016f, Ropn\u00fd, plyn\u00e1rensk\u00fd &amp; petrochemick\u00fd monitoring, Utility slu\u017eby &amp; chytr\u00e9 s\u00edt\u011b, Vzd\u00e1len\u00fd monitoring za\u0159\u00edzen\u00ed &amp; technologi\u00ed, Zdravotnictv\u00ed &amp; zdravotnick\u00e9 p\u0159\u00edstroje, Spr\u00e1va vozov\u00fdch park\u016f &amp; mobility, Automobilov\u00fd pr\u016fmysl &amp; propojen\u00e1 vozidla, Zem\u011bd\u011blstv\u00ed &amp; chytr\u00e9 farmy, Maloobchod &amp; chytr\u00e1 prodejn\u00ed m\u00edsta (POS), Telekomunikace &amp; monitoring s\u00edt\u00ed, Ve\u0159ejn\u00e1 bezpe\u010dnost &amp; z\u00e1chrann\u00e9 slo\u017eky, Doprava &amp; chytr\u00e9 \u017eeleznice, Leteck\u00fd &amp; kosmick\u00fd monitoring, T\u011b\u017eba &amp; t\u011b\u017ek\u00fd pr\u016fmysl, Vodn\u00ed hospod\u00e1\u0159stv\u00ed &amp; \u010di\u0161t\u011bn\u00ed odpadn\u00edch vod, Environment\u00e1ln\u00ed monitoring &amp; udr\u017eitelnost, N\u00e1mo\u0159n\u00ed &amp; p\u0159\u00edstavn\u00ed operace<\/td><\/tr><\/tbody><\/table><\/figure>\n<\/div>\n\n\n\n<div class=\"wp-block-uagb-tabs-child uagb-tabs__body-container uagb-inner-tab-8\" aria-labelledby=\"uagb-tabs__tab8\">\n<figure class=\"wp-block-table is-style-stripes\"><table class=\"has-body-color has-text-color has-link-color has-border-color has-background-border-color\" style=\"border-width:6px\"><tbody><tr><td>Africas Talking, Apprise API, Automated Packet Reporting System (APRS), <strong>AWS SES<\/strong>,<strong> AWS SNS<\/strong>, Bark, BlueSky, BulkSMS, BulkVS, Burst SMS, Chanify, Clickatell, ClickSend, DAPNET, DingTalk, <strong>Discord<\/strong>, D7 Networks, E-Mail, Emby, Enigma2 Devices, FCM (Google Firebase Cloud Messaging), Feishu, Flock, Free-Mobile, Google Chat, Gotify, Growl, Guilded, Home Assistant, httpSMS, IFTTT, <strong>Jira<\/strong>, Join, Kavenegar, KODI, Kumulos, LaMetric Time\/Clock, Line, Mastodon, Mailgun, Matrix, <strong>Mattermost<\/strong>, MessageBird, Microsoft Power Automate \/ Workflow (MSTeams), <br\/><br\/><strong>Microsoft Teams<\/strong>, Misskey, MQTT, MSG91, Nextcloud Messaging, Nextcloud Talk, Ntfy, Notica, Notifiarr, Notifico, <strong>Office 365<\/strong>, OneSignal, Opsgenie, PagerDuty, Pagertree, Parse Platform, Plivo, Popcorn Notify, Prowl, PushBullet, PushDeer, Pushed, Pushjet, PushMe, Pushover, PushSafer, Pushy, <strong>Reddit<\/strong>, Resend, Revolt, Rocket.Chat, RSyslog (Remote Syslog), Ryver, <strong>SendGrid<\/strong>, SendPulse, ServerChan, Seven, SFR, SimplePush, Sinch, SIGNL4, <strong>Signal<\/strong> (API), <strong>Slack<\/strong>, SMSEagle, SMS Manager, SMTP2Go, SparkPost, Splunk (VictorOps) On Call, Streamlabs, Synology, Syslog, Techulus Push, <strong>Telegram<\/strong>, Threema Gateway, <strong>Twilio<\/strong>, Twist, <strong>X<\/strong> (formerly known as Twitter), Voip.ms, Vonage, XBMC, Webex Teams, WeCom Bot, <strong>WhatsApp<\/strong>, WxPusher, Zulip<\/td><\/tr><\/tbody><\/table><\/figure>\n<\/div>\n<\/div><\/div>\n<\/div>\n\n<div style=\"height:20px\" aria-hidden=\"true\" class=\"wp-block-spacer\"><\/div>\n\n<p><a href=\"https:\/\/www.data-talk.eu\/ai-alarm-and-notify\" target=\"_blank\" rel=\"noreferrer noopener\">See more about AI Alarm &amp; Notify \u2192<\/a><\/p>\n","protected":false},"excerpt":{"rendered":"<p>DataTalk AI Alarm &amp; Notify je n\u00e1stroj pro monitorov\u00e1n\u00ed a upozor\u0148ov\u00e1n\u00ed v re\u00e1ln\u00e9m \u010dase poh\u00e1n\u011bn\u00fd um\u011blou inteligenc\u00ed, kter\u00fd detekuje nepravidelnosti v pr\u016fmyslov\u00fdch datech a okam\u017eit\u011b informuje u\u017eivatele prost\u0159ednictv\u00edm n\u011bkolika kan\u00e1l\u016f.<\/p>\n<p>Pr\u016fmyslov\u00fd automatiza\u010dn\u00ed software pro Windows nebo Linux s <strong data-start=\"47\" data-end=\"81\">do\u017eivotn\u00ed licenc\u00ed<\/strong>, <strong data-start=\"111\" data-end=\"131\">neomezen\u00fdm po\u010dtem u\u017eivatel\u016f<\/strong> a zahrnutou podporou, dostupn\u00fd ve dvou verz\u00edch: <strong data-start=\"167\" data-end=\"200\" data-is-only-node=\"\">150 nebo 500 tag\u016f<\/strong>. V\u010detn\u011b AI assistanta.<\/p>\n<p>Pro v\u011bt\u0161\u00ed po\u010det tag\u016f zvolte verzi L a kontaktujte n\u00e1s.<\/p>\n","protected":false},"featured_media":607,"template":"","meta":{"_acf_changed":false,"_uag_custom_page_level_css":"","_swt_meta_header_display":false,"_swt_meta_footer_display":false,"_swt_meta_site_title_display":false,"_swt_meta_sticky_header":false,"_swt_meta_transparent_header":false},"product_brand":[54],"product_cat":[112],"product_tag":[],"class_list":{"0":"post-604","1":"product","2":"type-product","3":"status-publish","4":"has-post-thumbnail","6":"product_brand-datatalk-cs","7":"product_cat-datatalk-software","9":"first","10":"instock","11":"taxable","12":"shipping-taxable","13":"purchasable","14":"product-type-variable"},"acf":[],"uagb_featured_image_src":{"full":["https:\/\/shop.data-talk.eu\/wp-content\/uploads\/2025\/04\/AI-Alarm-and-Notify_square.webp",2134,2134,false],"thumbnail":["https:\/\/shop.data-talk.eu\/wp-content\/uploads\/2025\/04\/AI-Alarm-and-Notify_square-150x150.webp",150,150,true],"medium":["https:\/\/shop.data-talk.eu\/wp-content\/uploads\/2025\/04\/AI-Alarm-and-Notify_square-300x300.webp",300,300,true],"medium_large":["https:\/\/shop.data-talk.eu\/wp-content\/uploads\/2025\/04\/AI-Alarm-and-Notify_square-768x768.webp",768,768,true],"large":["https:\/\/shop.data-talk.eu\/wp-content\/uploads\/2025\/04\/AI-Alarm-and-Notify_square-1024x1024.webp",1024,1024,true],"1536x1536":["https:\/\/shop.data-talk.eu\/wp-content\/uploads\/2025\/04\/AI-Alarm-and-Notify_square-1536x1536.webp",1536,1536,true],"2048x2048":["https:\/\/shop.data-talk.eu\/wp-content\/uploads\/2025\/04\/AI-Alarm-and-Notify_square-2048x2048.webp",2048,2048,true],"woocommerce_thumbnail":["https:\/\/shop.data-talk.eu\/wp-content\/uploads\/2025\/04\/AI-Alarm-and-Notify_square-300x300.webp",300,300,true],"woocommerce_single":["https:\/\/shop.data-talk.eu\/wp-content\/uploads\/2025\/04\/AI-Alarm-and-Notify_square-600x600.webp",600,600,true],"woocommerce_gallery_thumbnail":["https:\/\/shop.data-talk.eu\/wp-content\/uploads\/2025\/04\/AI-Alarm-and-Notify_square-100x100.webp",100,100,true]},"uagb_author_info":{"display_name":"admin","author_link":"https:\/\/shop.data-talk.eu\/cs\/author\/"},"uagb_comment_info":0,"uagb_excerpt":"DataTalk AI Alarm &amp; Notify je n\u00e1stroj pro monitorov\u00e1n\u00ed a upozor\u0148ov\u00e1n\u00ed v re\u00e1ln\u00e9m \u010dase poh\u00e1n\u011bn\u00fd um\u011blou inteligenc\u00ed, kter\u00fd detekuje nepravidelnosti v pr\u016fmyslov\u00fdch datech a okam\u017eit\u011b informuje u\u017eivatele prost\u0159ednictv\u00edm n\u011bkolika kan\u00e1l\u016f. Pr\u016fmyslov\u00fd automatiza\u010dn\u00ed software pro Windows nebo Linux s do\u017eivotn\u00ed licenc\u00ed, neomezen\u00fdm po\u010dtem u\u017eivatel\u016f a zahrnutou podporou, dostupn\u00fd ve dvou verz\u00edch: 150 nebo 500 tag\u016f. V\u010detn\u011b&hellip;","_links":{"self":[{"href":"https:\/\/shop.data-talk.eu\/cs\/wp-json\/wp\/v2\/product\/604","targetHints":{"allow":["GET"]}}],"collection":[{"href":"https:\/\/shop.data-talk.eu\/cs\/wp-json\/wp\/v2\/product"}],"about":[{"href":"https:\/\/shop.data-talk.eu\/cs\/wp-json\/wp\/v2\/types\/product"}],"wp:featuredmedia":[{"embeddable":true,"href":"https:\/\/shop.data-talk.eu\/cs\/wp-json\/wp\/v2\/media\/607"}],"wp:attachment":[{"href":"https:\/\/shop.data-talk.eu\/cs\/wp-json\/wp\/v2\/media?parent=604"}],"wp:term":[{"taxonomy":"product_brand","embeddable":true,"href":"https:\/\/shop.data-talk.eu\/cs\/wp-json\/wp\/v2\/product_brand?post=604"},{"taxonomy":"product_cat","embeddable":true,"href":"https:\/\/shop.data-talk.eu\/cs\/wp-json\/wp\/v2\/product_cat?post=604"},{"taxonomy":"product_tag","embeddable":true,"href":"https:\/\/shop.data-talk.eu\/cs\/wp-json\/wp\/v2\/product_tag?post=604"}],"curies":[{"name":"wp","href":"https:\/\/api.w.org\/{rel}","templated":true}]}}