{"id":767,"date":"2025-05-23T08:06:57","date_gmt":"2025-05-23T06:06:57","guid":{"rendered":"https:\/\/shop.data-talk.eu\/product\/767\/"},"modified":"2026-01-22T15:11:56","modified_gmt":"2026-01-22T14:11:56","slug":"mypro","status":"publish","type":"product","link":"https:\/\/shop.data-talk.eu\/cs\/product\/mypro\/","title":{"rendered":"myPRO"},"content":{"rendered":"<h3>Komplexn\u00ed softwarov\u00e9 \u0159e\u0161en\u00ed myPRO<\/h3>\n<p>myPRO je pokro\u010dil\u00fd syst\u00e9m, kter\u00fd umo\u017e\u0148uje kontrolu nad technologi\u00ed. D\u00edky chytr\u00fdm funkc\u00edm jsou optimalizace i \u00faspory nezanedbateln\u00e9.<\/p>\n<p>&nbsp;<\/p>\n<p>V\u00edce informac\u00ed o myPRO: <a href=\"https:\/\/www.myscada.org\/mypro\/\" target=\"_blank\" rel=\"noopener noreferrer\">www.myscada.org\/mypro<\/a><\/p>\n<p><strong>Pro v\u00edce tag\u016f (a\u017e neomezen\u00fd po\u010det) <a href=\"https:\/\/www.myscada.org\/contacts\/\" target=\"_blank\" rel=\"noopener noreferrer\">n\u00e1s pros\u00edm kontaktujte<\/a>.<\/strong><\/p>\n","protected":false},"excerpt":{"rendered":"<p>myPRO je multiplatformn\u00ed <strong data-start=\"8\" data-end=\"17\">HMI\/SCADA runtime<\/strong> (SW), kter\u00fd nab\u00edz\u00ed <strong>monitorov\u00e1n\u00ed v re\u00e1ln\u00e9m \u010dase<\/strong>, \u0159\u00edzen\u00ed, ukl\u00e1d\u00e1n\u00ed dat, <strong data-start=\"47\" data-end=\"81\">alarmy<\/strong> a reportov\u00e1n\u00ed pro pr\u016fmyslov\u00e9 procesy a umo\u017e\u0148uje <strong data-start=\"111\" data-end=\"131\">bezpe\u010dn\u00fd vzd\u00e1len\u00fd p\u0159\u00edstup<\/strong> a anal\u00fdzy nap\u0159\u00ed\u010d za\u0159\u00edzen\u00edmi.<\/p>\n","protected":false},"featured_media":1752,"template":"","meta":{"_acf_changed":false,"_uag_custom_page_level_css":"","_swt_meta_header_display":false,"_swt_meta_footer_display":false,"_swt_meta_site_title_display":false,"_swt_meta_sticky_header":false,"_swt_meta_transparent_header":false},"product_brand":[55],"product_cat":[114],"product_tag":[],"class_list":{"0":"post-767","1":"product","2":"type-product","3":"status-publish","4":"has-post-thumbnail","6":"product_brand-myscada-cs","7":"product_cat-myscada-software","9":"first","10":"instock","11":"taxable","12":"shipping-taxable","13":"purchasable","14":"product-type-variable"},"acf":[],"uagb_featured_image_src":{"full":["https:\/\/shop.data-talk.eu\/wp-content\/uploads\/2025\/05\/myPRO_cover.webp",1024,1024,false],"thumbnail":["https:\/\/shop.data-talk.eu\/wp-content\/uploads\/2025\/05\/myPRO_cover-150x150.webp",150,150,true],"medium":["https:\/\/shop.data-talk.eu\/wp-content\/uploads\/2025\/05\/myPRO_cover-300x300.webp",300,300,true],"medium_large":["https:\/\/shop.data-talk.eu\/wp-content\/uploads\/2025\/05\/myPRO_cover-768x768.webp",768,768,true],"large":["https:\/\/shop.data-talk.eu\/wp-content\/uploads\/2025\/05\/myPRO_cover.webp",1024,1024,false],"1536x1536":["https:\/\/shop.data-talk.eu\/wp-content\/uploads\/2025\/05\/myPRO_cover.webp",1024,1024,false],"2048x2048":["https:\/\/shop.data-talk.eu\/wp-content\/uploads\/2025\/05\/myPRO_cover.webp",1024,1024,false],"woocommerce_thumbnail":["https:\/\/shop.data-talk.eu\/wp-content\/uploads\/2025\/05\/myPRO_cover-300x300.webp",300,300,true],"woocommerce_single":["https:\/\/shop.data-talk.eu\/wp-content\/uploads\/2025\/05\/myPRO_cover-600x600.webp",600,600,true],"woocommerce_gallery_thumbnail":["https:\/\/shop.data-talk.eu\/wp-content\/uploads\/2025\/05\/myPRO_cover-100x100.webp",100,100,true]},"uagb_author_info":{"display_name":"admin","author_link":"https:\/\/shop.data-talk.eu\/cs\/author\/"},"uagb_comment_info":0,"uagb_excerpt":"myPRO je multiplatformn\u00ed HMI\/SCADA runtime (SW), kter\u00fd nab\u00edz\u00ed monitorov\u00e1n\u00ed v re\u00e1ln\u00e9m \u010dase, \u0159\u00edzen\u00ed, ukl\u00e1d\u00e1n\u00ed dat, alarmy a reportov\u00e1n\u00ed pro pr\u016fmyslov\u00e9 procesy a umo\u017e\u0148uje bezpe\u010dn\u00fd vzd\u00e1len\u00fd p\u0159\u00edstup a anal\u00fdzy nap\u0159\u00ed\u010d za\u0159\u00edzen\u00edmi.","_links":{"self":[{"href":"https:\/\/shop.data-talk.eu\/cs\/wp-json\/wp\/v2\/product\/767","targetHints":{"allow":["GET"]}}],"collection":[{"href":"https:\/\/shop.data-talk.eu\/cs\/wp-json\/wp\/v2\/product"}],"about":[{"href":"https:\/\/shop.data-talk.eu\/cs\/wp-json\/wp\/v2\/types\/product"}],"wp:featuredmedia":[{"embeddable":true,"href":"https:\/\/shop.data-talk.eu\/cs\/wp-json\/wp\/v2\/media\/1752"}],"wp:attachment":[{"href":"https:\/\/shop.data-talk.eu\/cs\/wp-json\/wp\/v2\/media?parent=767"}],"wp:term":[{"taxonomy":"product_brand","embeddable":true,"href":"https:\/\/shop.data-talk.eu\/cs\/wp-json\/wp\/v2\/product_brand?post=767"},{"taxonomy":"product_cat","embeddable":true,"href":"https:\/\/shop.data-talk.eu\/cs\/wp-json\/wp\/v2\/product_cat?post=767"},{"taxonomy":"product_tag","embeddable":true,"href":"https:\/\/shop.data-talk.eu\/cs\/wp-json\/wp\/v2\/product_tag?post=767"}],"curies":[{"name":"wp","href":"https:\/\/api.w.org\/{rel}","templated":true}]}}