{"id":787,"date":"2025-05-23T08:20:40","date_gmt":"2025-05-23T06:20:40","guid":{"rendered":"https:\/\/shop.data-talk.eu\/product\/myaccess-uzivatelsky-mesicnik\/"},"modified":"2026-01-22T15:36:18","modified_gmt":"2026-01-22T14:36:18","slug":"myaccess-user-monthly","status":"publish","type":"product","link":"https:\/\/shop.data-talk.eu\/cs\/product\/myaccess-user-monthly\/","title":{"rendered":"myACCESS User m\u011bs\u00ed\u010dn\u00ed"},"content":{"rendered":"\n<h3 class=\"wp-block-heading section-title has-xx-large-font-size\">Vzd\u00e1len\u00fd p\u0159\u00edstup p\u0159es web<\/h3>\n\n<p>myACCESS je bezpe\u010dn\u00fd syst\u00e9m pro vzd\u00e1len\u00e9 p\u0159ipojen\u00ed pr\u016fmyslov\u00fdch za\u0159\u00edzen\u00ed, kter\u00fd vyu\u017e\u00edv\u00e1 siln\u00e9 \u0161ifrov\u00e1n\u00ed, VPN technologii a autentiza\u010dn\u00ed opat\u0159en\u00ed k vytvo\u0159en\u00ed chr\u00e1n\u011bn\u00e9ho spojen\u00ed. Firewally p\u0159id\u00e1vaj\u00ed dal\u0161\u00ed vrstvu bezpe\u010dnosti, co\u017e zaji\u0161\u0165uje bezpe\u010dn\u00fd a kontrolovan\u00fd p\u0159\u00edstup pro monitorov\u00e1n\u00ed a \u0159\u00edzen\u00ed pr\u016fmyslov\u00fdch proces\u016f. <\/p>\n\n<p>\u00a0<\/p>\n\n<p><a href=\"https:\/\/www.myscada.org\/my_access\/\" target=\"_blank\" rel=\"noreferrer noopener\">V\u00edce o myACCESS \u2192<\/a><\/p>\n","protected":false},"excerpt":{"rendered":"<p>Bezpe\u010dn\u011b<strong> p\u0159ipojuje v\u00e1\u0161 po\u010d\u00edta\u010d k VPN a poskytuje p\u0159\u00edstup ke v\u0161em p\u0159ipojen\u00fdm za\u0159\u00edzen\u00edm,<\/strong> co\u017e umo\u017e\u0148uje programov\u00e1n\u00ed PLC, monitorov\u00e1n\u00ed bezpe\u010dnostn\u00edch kamer a \u00fapravy projekt\u016f mySCADA.<\/p>\n","protected":false},"featured_media":1761,"template":"","meta":{"_acf_changed":false,"_uag_custom_page_level_css":"","_swt_meta_header_display":false,"_swt_meta_footer_display":false,"_swt_meta_site_title_display":false,"_swt_meta_sticky_header":false,"_swt_meta_transparent_header":false},"product_brand":[55],"product_cat":[42],"product_tag":[],"class_list":{"0":"post-787","1":"product","2":"type-product","3":"status-publish","4":"has-post-thumbnail","6":"product_brand-myscada-cs","7":"product_cat-myscada-predplatne","9":"first","10":"instock","11":"virtual","12":"taxable","13":"purchasable","14":"product-type-subscription"},"acf":[],"uagb_featured_image_src":{"full":["https:\/\/shop.data-talk.eu\/wp-content\/uploads\/2025\/05\/myACCESS_user_cover.webp",1024,1024,false],"thumbnail":["https:\/\/shop.data-talk.eu\/wp-content\/uploads\/2025\/05\/myACCESS_user_cover-150x150.webp",150,150,true],"medium":["https:\/\/shop.data-talk.eu\/wp-content\/uploads\/2025\/05\/myACCESS_user_cover-300x300.webp",300,300,true],"medium_large":["https:\/\/shop.data-talk.eu\/wp-content\/uploads\/2025\/05\/myACCESS_user_cover-768x768.webp",768,768,true],"large":["https:\/\/shop.data-talk.eu\/wp-content\/uploads\/2025\/05\/myACCESS_user_cover.webp",1024,1024,false],"1536x1536":["https:\/\/shop.data-talk.eu\/wp-content\/uploads\/2025\/05\/myACCESS_user_cover.webp",1024,1024,false],"2048x2048":["https:\/\/shop.data-talk.eu\/wp-content\/uploads\/2025\/05\/myACCESS_user_cover.webp",1024,1024,false],"woocommerce_thumbnail":["https:\/\/shop.data-talk.eu\/wp-content\/uploads\/2025\/05\/myACCESS_user_cover-300x300.webp",300,300,true],"woocommerce_single":["https:\/\/shop.data-talk.eu\/wp-content\/uploads\/2025\/05\/myACCESS_user_cover-600x600.webp",600,600,true],"woocommerce_gallery_thumbnail":["https:\/\/shop.data-talk.eu\/wp-content\/uploads\/2025\/05\/myACCESS_user_cover-100x100.webp",100,100,true]},"uagb_author_info":{"display_name":"admin","author_link":"https:\/\/shop.data-talk.eu\/cs\/author\/"},"uagb_comment_info":0,"uagb_excerpt":"Bezpe\u010dn\u011b p\u0159ipojuje v\u00e1\u0161 po\u010d\u00edta\u010d k VPN a poskytuje p\u0159\u00edstup ke v\u0161em p\u0159ipojen\u00fdm za\u0159\u00edzen\u00edm, co\u017e umo\u017e\u0148uje programov\u00e1n\u00ed PLC, monitorov\u00e1n\u00ed bezpe\u010dnostn\u00edch kamer a \u00fapravy projekt\u016f mySCADA.","_links":{"self":[{"href":"https:\/\/shop.data-talk.eu\/cs\/wp-json\/wp\/v2\/product\/787","targetHints":{"allow":["GET"]}}],"collection":[{"href":"https:\/\/shop.data-talk.eu\/cs\/wp-json\/wp\/v2\/product"}],"about":[{"href":"https:\/\/shop.data-talk.eu\/cs\/wp-json\/wp\/v2\/types\/product"}],"wp:featuredmedia":[{"embeddable":true,"href":"https:\/\/shop.data-talk.eu\/cs\/wp-json\/wp\/v2\/media\/1761"}],"wp:attachment":[{"href":"https:\/\/shop.data-talk.eu\/cs\/wp-json\/wp\/v2\/media?parent=787"}],"wp:term":[{"taxonomy":"product_brand","embeddable":true,"href":"https:\/\/shop.data-talk.eu\/cs\/wp-json\/wp\/v2\/product_brand?post=787"},{"taxonomy":"product_cat","embeddable":true,"href":"https:\/\/shop.data-talk.eu\/cs\/wp-json\/wp\/v2\/product_cat?post=787"},{"taxonomy":"product_tag","embeddable":true,"href":"https:\/\/shop.data-talk.eu\/cs\/wp-json\/wp\/v2\/product_tag?post=787"}],"curies":[{"name":"wp","href":"https:\/\/api.w.org\/{rel}","templated":true}]}}